{"id":8,"date":"2024-02-14T10:00:32","date_gmt":"2024-02-14T10:00:32","guid":{"rendered":"https:\/\/www.ceybel.es\/academia\/?page_id=8"},"modified":"2024-06-07T09:29:01","modified_gmt":"2024-06-07T09:29:01","slug":"aviso-legal","status":"publish","type":"page","link":"https:\/\/www.ceybel.es\/academia\/aviso-legal\/","title":{"rendered":"Aviso Legal"},"content":{"rendered":"\n<p><strong>DATOS IDENTIFICATIVOS<\/strong><\/p>\n\n\n\n<p>En cumplimiento con el deber de informaci\u00f3n recogido en art\u00edculo 10 de la Ley 34\/2002, de 11 de julio, de Servicios de la Sociedad de la Informaci\u00f3n y del Comercio Electr\u00f3nico, a continuaci\u00f3n, se pone a disposici\u00f3n de los usuarios los siguientes datos identificativos:<\/p>\n\n\n\n<p><strong>Nombre comercial:<\/strong> ACADEMIA CEM<br><strong>Denominaci\u00f3n legal:<\/strong> Ceybel Comercial Ense\u00f1anza y Distribuci\u00f3n, S.L.<\/p>\n\n\n\n<p><strong>Domicilio: <\/strong>C. las Aguas, 1, 11402, Jerez de la Frontera, C\u00e1diz &#8211; Espa\u00f1a<br><strong>DNI\/NIF.:<\/strong> B11908241<br><strong>Correo electr\u00f3nico:<\/strong> comercial@ceybel.es<\/p>\n\n\n\n<p><strong>USUARIOS<\/strong><\/p>\n\n\n\n<p>El acceso y\/o uso de <strong>www.<\/strong><strong>ceybel.es\/academia<\/strong><strong> <\/strong>atribuye la condici\u00f3n de USUARIO, que acepta, desde dicho acceso y\/o uso, las Condiciones Generales de Uso aqu\u00ed reflejadas. Las citadas Condiciones ser\u00e1n de aplicaci\u00f3n independientemente de las Condiciones Generales de Contrataci\u00f3n que en su caso resulten de obligado cumplimiento.<\/p>\n\n\n\n<p><strong>USO DE LA WEB<\/strong><\/p>\n\n\n\n<p>Ceybel Academia proporciona el acceso a varias informaciones, textos, servicios, accesos o datos (en adelante, \u201clos contenidos\u201d) en Internet pertenecientes a <strong>www.<\/strong><strong>ceybel.es\/academia<\/strong>&nbsp;o a terceros, a los que el USUARIO pueda tener acceso. El USUARIO asume la responsabilidad del uso de esta web. Dicha responsabilidad se extiende al registro, si fuese necesario, para acceder a determinados servicios o contenidos.<br>En dicho registro el USUARIO ser\u00e1 responsable de aportar informaci\u00f3n veraz y l\u00edcita. Como consecuencia de este registro, al USUARIO se le puede proporcionar una contrase\u00f1a de la que ser\u00e1 responsable, comprometi\u00e9ndose a hacer un uso diligente y confidencial de la misma.<\/p>\n\n\n\n<p>El USUARIO se compromete a hacer un uso adecuado de los contenidos y servicios (como por ejemplo servicios de chat, foros de discusi\u00f3n, comentarios o grupos de noticias) que Ceybel Academia, ofrece o pueda ofrecer en un futuro a trav\u00e9s de esta web y con car\u00e1cter enunciativo, pero no limitativo, a no emplearlos para:<\/p>\n\n\n\n<p>(i) incurrir en actividades il\u00edcitas, ilegales o contrarias a la buena fe y al orden p\u00fablico;<br>(ii) difundir contenidos o propaganda de car\u00e1cter racista, xen\u00f3fobo, pornogr\u00e1fico-ilegal, de apolog\u00eda del terrorismo o atentatorio contra los derechos humanos;<br>(iii) provocar da\u00f1os en los sistemas f\u00edsicos y l\u00f3gicos de Ceybel Academia de sus proveedores o de terceras personas, introducir o difundir en la red virus inform\u00e1ticos o cualesquiera otros sistemas f\u00edsicos o l\u00f3gicos que sean susceptibles de provocar los da\u00f1os anteriormente mencionados;<br>(iv) intentar acceder y, en su caso, utilizar las cuentas de correo electr\u00f3nico de otros usuarios y modificar o manipular sus mensajes.<\/p>\n\n\n\n<p>Ceybel Academia se reserva el derecho de retirar todos aquellos comentarios y aportaciones que vulneren el respeto a la dignidad de la persona, que sean discriminatorios, xen\u00f3fobos, racistas, pornogr\u00e1ficos, que atenten contra la juventud o la infancia, el orden o la seguridad p\u00fablica o que, a su juicio, no resultaran adecuados para su publicaci\u00f3n. En cualquier caso, Ceybel Academia no ser\u00e1 responsable de las opiniones vertidas por los usuarios a trav\u00e9s de los foros, chats, comentarios, u otras herramientas de participaci\u00f3n que tenga habilitadas en este momento o en un futuro.<\/p>\n\n\n\n<p><strong>PROTECCI\u00d3N DE DATOS Y PRIVACIDAD<\/strong><\/p>\n\n\n\n<p>Ceybel Academia cumple con las directrices de la Ley Org\u00e1nica 15\/1999 de 13 de diciembre de Protecci\u00f3n de Datos de Car\u00e1cter Personal, el Real Decreto 1720\/2007 de 21 de diciembre por el que se aprueba el Reglamento de desarrollo de la Ley Org\u00e1nica y dem\u00e1s normativa vigente en cada momento, y vela por garantizar un correcto uso y tratamiento de los datos personales del usuario.<\/p>\n\n\n\n<p><strong>PROTOCOLO DE SEGURIDAD<\/strong><\/p>\n\n\n\n<p>Ceybel Academia utiliza un certificado SSL de 256 bits, para asegurar al usuario la autenticidad del servidor y el cifrado (encriptaci\u00f3n) de sus datos, siendo una prueba de integridad en la comunicaci\u00f3n. Con este certificado SSL v\u00e1lido, las comunicaciones a trav\u00e9s de Internet se transmiten de forma cifrada. Se puede confiar que la informaci\u00f3n que se env\u00eda ser\u00e1 recibida privadamente y sin alteraci\u00f3n al servidor con el que se establece la conexi\u00f3n. Con dicho sistema:<\/p>\n\n\n\n<ul class=\"wp-block-list\">\n<li>Se garantiza la privacidad de la informaci\u00f3n suministrada por el usuario dentro de www.ceybel.es\/academia, protegiendo el proceso de transmisi\u00f3n de datos entre el dispositivo del usuario y el servidor.<\/li>\n\n\n\n<li>Se ofrecen transacciones en l\u00ednea seguras.<\/li>\n\n\n\n<li>Se protege la informaci\u00f3n confidencial durante el proceso de transmisi\u00f3n de datos entre el usuario y el servidor, imposibilitando su intercepci\u00f3n o robo.<\/li>\n\n\n\n<li>Se muestra la identidad de la empresa responsable del sitio web y el nombre de la identidad emisora, as\u00ed como datos de localizaci\u00f3n geogr\u00e1fica y validez del certificado entre otros.<\/li>\n<\/ul>\n\n\n\n<p><strong>USO DE COOKIES<\/strong><\/p>\n\n\n\n<p>Ceybel Academia puede utilizar cookies cuando un usuario navega por www.ceybel.es\/academia. Las cookies son ficheros enviados a un navegador por medio de un servidor web para registrar las actividades del usuario.<\/p>\n\n\n\n<p>Las cookies utilizadas en www.ceybel.es\/academia se asocian \u00fanicamente a un usuario an\u00f3nimo y su ordenador, y no proporcionan por s\u00ed mismos los datos personales del usuario.<\/p>\n\n\n\n<p>Gracias a las cookies, resulta posible que el servidor de Ceybel Academia, por ejemplo, reconozca el navegador del ordenador utilizado por el usuario con la finalidad de que la navegaci\u00f3n sea m\u00e1s \u00e1gil y sencilla, guardar la configuraci\u00f3n de los usuarios que hayan navegado previamente o medir la audiencia y par\u00e1metros del tr\u00e1fico.<\/p>\n\n\n\n<p><strong>PROPIEDAD INTELECTUAL E INDUSTRIAL<\/strong><\/p>\n\n\n\n<p>Ceybel Academia por s\u00ed o como cesionaria, es titular de todos los derechos de propiedad intelectual e industrial de <strong>www.<\/strong><strong>ceybel.es\/academia<\/strong>, as\u00ed como de los elementos contenidos en la misma tales como im\u00e1genes, sonido, audio, v\u00eddeo, textos, marcas o logotipos, combinaciones de colores, estructura y dise\u00f1o, selecci\u00f3n de materiales usados, acceso y uso, etc&#8230;<\/p>\n\n\n\n<p>La propia web puede contener contenidos de terceros de los cuales tiene permisos o se publican bajo licencia Open Source, Licencia Publica General (GPL) o licencias que permiten su uso. Todos estos contenidos tienen sus derechos de autores reconocidos y los permisos correspondientes para utilizarlos.<\/p>\n\n\n\n<p>Por favor, si cree que algunos de los contenidos que se publican no tiene permisos de publicaci\u00f3n rogamos se pongan en contacto con nosotros para tomar las medidas oportunas y as\u00ed proteger los derechos de cualquier autor.<\/p>\n\n\n\n<p>Todos los derechos reservados. En virtud de lo dispuesto en los art\u00edculos 8 y 32.1, p\u00e1rrafo segundo, de la Ley de Propiedad Intelectual, quedan expresamente prohibidas la reproducci\u00f3n, la distribuci\u00f3n y la comunicaci\u00f3n p\u00fablica, incluida su modalidad de puesta a disposici\u00f3n, de la totalidad o parte de los contenidos de esta p\u00e1gina web, con fines comerciales, en cualquier soporte y por cualquier medio t\u00e9cnico, sin la autorizaci\u00f3n de Ceybel Academia. El USUARIO se compromete a respetar los derechos de Propiedad Intelectual e Industrial titularidad de Ceybel Academia. Podr\u00e1 visualizar los elementos del portal e incluso imprimirlos, copiarlos y almacenarlos en el disco duro de su ordenador o en cualquier otro soporte f\u00edsico siempre y cuando sea, \u00fanica y exclusivamente, para su uso personal y privado. El USUARIO deber\u00e1 abstenerse de suprimir, alterar, eludir o manipular cualquier dispositivo de protecci\u00f3n o sistema de seguridad que estuviera instalado en las p\u00e1ginas de Ceybel Academia.<\/p>\n\n\n\n<p><strong>EXCLUSI\u00d3N DE GARANT\u00cdAS Y RESPONSABILIDAD<\/strong><\/p>\n\n\n\n<p>Ceybel Academia no se hace responsable, en ning\u00fan caso, de los da\u00f1os y perjuicios de cualquier naturaleza que pudieran ocasionar, a t\u00edtulo enunciativo: errores u omisiones en los contenidos, falta de disponibilidad de la web o la transmisi\u00f3n de virus o programas maliciosos o lesivos en los contenidos, a pesar de que se adopta todas las medidas tecnol\u00f3gicas necesarias para evitarlo.<\/p>\n\n\n\n<p><strong>MODIFICACIONES<\/strong><\/p>\n\n\n\n<p>Ceybel Academiase reserva el derecho de efectuar sin previo aviso las modificaciones que considere oportunas en www.ceybel.es\/academia pudiendo cambiar, suprimir o a\u00f1adir tanto los contenidos y servicios que se presten a trav\u00e9s de la misma como la forma en la que \u00e9stos aparezcan presentados o localizados en su web.<\/p>\n\n\n\n<p><strong>ENLACES<\/strong><\/p>\n\n\n\n<p>En el caso de que en www.ceybel.es\/academia se dispusiesen enlaces o hiperv\u00ednculos hac\u00eda otros sitios de Internet, Ceybel Academia no ejercer\u00e1 ning\u00fan tipo de control sobre dichos sitios y contenidos. En ning\u00fan caso Ceybel Academia asumir\u00e1 responsabilidad alguna por los contenidos de alg\u00fan enlace perteneciente a un sitio web ajeno, ni garantizar\u00e1 la disponibilidad t\u00e9cnica, calidad, fiabilidad, exactitud, amplitud, veracidad, validez y constitucionalidad de cualquier material o informaci\u00f3n contenida en ninguno de dichos hiperv\u00ednculos u otros sitios de Internet.<\/p>\n\n\n\n<p>Igualmente, la inclusi\u00f3n de estas conexiones externas no implicar\u00e1 ning\u00fan tipo de asociaci\u00f3n, fusi\u00f3n o participaci\u00f3n con las entidades conectadas.<\/p>\n\n\n\n<p><strong>DERECHO DE EXCLUSI\u00d3N<\/strong><\/p>\n\n\n\n<p>Ceybel Comercial Ense\u00f1anza y Distribuci\u00f3n, S.L. se reserva el derecho a denegar o retirar el acceso a portal y\/o los servicios ofrecidos sin necesidad de pre-aviso, a instancia propia o de un tercero, a aquellos usuarios que incumplan las presentes Condiciones Generales de Uso.<\/p>\n\n\n\n<p><strong>GENERALIDADES<\/strong><\/p>\n\n\n\n<p>Ceybel Comercial Ense\u00f1anza y Distribuci\u00f3n, S.L. perseguir\u00e1 el incumplimiento de las presentes condiciones as\u00ed como cualquier utilizaci\u00f3n indebida de su web www.ceybel.es\/academia ejerciendo todas las acciones civiles y penales que le puedan corresponder en derecho.<\/p>\n\n\n\n<p><strong>MODIFICACI\u00d3N DE LAS PRESENTES CONDICIONES Y DURACI\u00d3N<\/strong><\/p>\n\n\n\n<p>Ceybel Comercial Ense\u00f1anza y Distribuci\u00f3n, S.L. modificar en cualquier momento las condiciones aqu\u00ed determinadas, siendo debidamente publicadas como aqu\u00ed aparecen.<\/p>\n\n\n\n<p>La vigencia de las citadas condiciones ir\u00e1 en funci\u00f3n de su exposici\u00f3n y estar\u00e1n vigentes hasta que sean modificadas por otras.<\/p>\n\n\n\n<p><strong>LEGISLACI\u00d3N APLICABLE Y JURISDICCI\u00d3N<\/strong><\/p>\n\n\n\n<p>La relaci\u00f3n entre Ceybel Comercial Ense\u00f1anza y Distribuci\u00f3n, S.L. y el USUARIO se regir\u00e1 por la normativa espa\u00f1ola vigente y cualquier controversia se someter\u00e1 a los Juzgados y tribunales de la ciudad de Jerez de la Frontera.<\/p>\n","protected":false},"excerpt":{"rendered":"<p>DATOS IDENTIFICATIVOS En cumplimiento con el deber de informaci\u00f3n recogido en art\u00edculo 10 de la Ley 34\/2002, de 11 de julio, de Servicios de la Sociedad de la Informaci\u00f3n y del Comercio Electr\u00f3nico, a continuaci\u00f3n, se pone a disposici\u00f3n de los usuarios los siguientes datos identificativos: Nombre comercial: ACADEMIA CEMDenominaci\u00f3n legal: Ceybel Comercial Ense\u00f1anza y [&hellip;]<\/p>\n","protected":false},"author":1,"featured_media":0,"parent":0,"menu_order":0,"comment_status":"closed","ping_status":"closed","template":"","meta":{"inline_featured_image":false,"footnotes":""},"class_list":["post-8","page","type-page","status-publish","hentry"],"yoast_head":"<!-- This site is optimized with the Yoast SEO plugin v22.8 - https:\/\/yoast.com\/wordpress\/plugins\/seo\/ -->\n<title>Aviso Legal - Academia CEM<\/title>\n<meta name=\"robots\" content=\"index, follow, max-snippet:-1, max-image-preview:large, max-video-preview:-1\" \/>\n<link rel=\"canonical\" href=\"https:\/\/www.ceybel.es\/academia\/aviso-legal\/\" \/>\n<meta property=\"og:locale\" content=\"es_ES\" \/>\n<meta property=\"og:type\" content=\"article\" \/>\n<meta property=\"og:title\" content=\"Aviso Legal - Academia CEM\" \/>\n<meta property=\"og:description\" content=\"DATOS IDENTIFICATIVOS En cumplimiento con el deber de informaci\u00f3n recogido en art\u00edculo 10 de la Ley 34\/2002, de 11 de julio, de Servicios de la Sociedad de la Informaci\u00f3n y del Comercio Electr\u00f3nico, a continuaci\u00f3n, se pone a disposici\u00f3n de los usuarios los siguientes datos identificativos: Nombre comercial: ACADEMIA CEMDenominaci\u00f3n legal: Ceybel Comercial Ense\u00f1anza y [&hellip;]\" \/>\n<meta property=\"og:url\" content=\"https:\/\/www.ceybel.es\/academia\/aviso-legal\/\" \/>\n<meta property=\"og:site_name\" content=\"Academia CEM\" \/>\n<meta property=\"article:modified_time\" content=\"2024-06-07T09:29:01+00:00\" \/>\n<meta name=\"twitter:card\" content=\"summary_large_image\" \/>\n<meta name=\"twitter:label1\" content=\"Tiempo de lectura\" \/>\n\t<meta name=\"twitter:data1\" content=\"7 minutos\" \/>\n<script type=\"application\/ld+json\" class=\"yoast-schema-graph\">{\"@context\":\"https:\/\/schema.org\",\"@graph\":[{\"@type\":\"WebPage\",\"@id\":\"https:\/\/www.ceybel.es\/academia\/aviso-legal\/\",\"url\":\"https:\/\/www.ceybel.es\/academia\/aviso-legal\/\",\"name\":\"Aviso Legal - Academia CEM\",\"isPartOf\":{\"@id\":\"https:\/\/www.ceybel.es\/academia\/#website\"},\"datePublished\":\"2024-02-14T10:00:32+00:00\",\"dateModified\":\"2024-06-07T09:29:01+00:00\",\"breadcrumb\":{\"@id\":\"https:\/\/www.ceybel.es\/academia\/aviso-legal\/#breadcrumb\"},\"inLanguage\":\"es\",\"potentialAction\":[{\"@type\":\"ReadAction\",\"target\":[\"https:\/\/www.ceybel.es\/academia\/aviso-legal\/\"]}]},{\"@type\":\"BreadcrumbList\",\"@id\":\"https:\/\/www.ceybel.es\/academia\/aviso-legal\/#breadcrumb\",\"itemListElement\":[{\"@type\":\"ListItem\",\"position\":1,\"name\":\"Portada\",\"item\":\"https:\/\/www.ceybel.es\/academia\/\"},{\"@type\":\"ListItem\",\"position\":2,\"name\":\"Aviso Legal\"}]},{\"@type\":\"WebSite\",\"@id\":\"https:\/\/www.ceybel.es\/academia\/#website\",\"url\":\"https:\/\/www.ceybel.es\/academia\/\",\"name\":\"Academia CEM\",\"description\":\"Academia CEM\",\"publisher\":{\"@id\":\"https:\/\/www.ceybel.es\/academia\/#organization\"},\"potentialAction\":[{\"@type\":\"SearchAction\",\"target\":{\"@type\":\"EntryPoint\",\"urlTemplate\":\"https:\/\/www.ceybel.es\/academia\/?s={search_term_string}\"},\"query-input\":\"required name=search_term_string\"}],\"inLanguage\":\"es\"},{\"@type\":\"Organization\",\"@id\":\"https:\/\/www.ceybel.es\/academia\/#organization\",\"name\":\"Academia CEM\",\"url\":\"https:\/\/www.ceybel.es\/academia\/\",\"logo\":{\"@type\":\"ImageObject\",\"inLanguage\":\"es\",\"@id\":\"https:\/\/www.ceybel.es\/academia\/#\/schema\/logo\/image\/\",\"url\":\"https:\/\/www.ceybel.es\/academia\/wp-content\/uploads\/2024\/03\/logo-cem-100x291-1.png\",\"contentUrl\":\"https:\/\/www.ceybel.es\/academia\/wp-content\/uploads\/2024\/03\/logo-cem-100x291-1.png\",\"width\":291,\"height\":100,\"caption\":\"Academia CEM\"},\"image\":{\"@id\":\"https:\/\/www.ceybel.es\/academia\/#\/schema\/logo\/image\/\"}}]}<\/script>\n<!-- \/ Yoast SEO plugin. -->","yoast_head_json":{"title":"Aviso Legal - Academia CEM","robots":{"index":"index","follow":"follow","max-snippet":"max-snippet:-1","max-image-preview":"max-image-preview:large","max-video-preview":"max-video-preview:-1"},"canonical":"https:\/\/www.ceybel.es\/academia\/aviso-legal\/","og_locale":"es_ES","og_type":"article","og_title":"Aviso Legal - Academia CEM","og_description":"DATOS IDENTIFICATIVOS En cumplimiento con el deber de informaci\u00f3n recogido en art\u00edculo 10 de la Ley 34\/2002, de 11 de julio, de Servicios de la Sociedad de la Informaci\u00f3n y del Comercio Electr\u00f3nico, a continuaci\u00f3n, se pone a disposici\u00f3n de los usuarios los siguientes datos identificativos: Nombre comercial: ACADEMIA CEMDenominaci\u00f3n legal: Ceybel Comercial Ense\u00f1anza y [&hellip;]","og_url":"https:\/\/www.ceybel.es\/academia\/aviso-legal\/","og_site_name":"Academia CEM","article_modified_time":"2024-06-07T09:29:01+00:00","twitter_card":"summary_large_image","twitter_misc":{"Tiempo de lectura":"7 minutos"},"schema":{"@context":"https:\/\/schema.org","@graph":[{"@type":"WebPage","@id":"https:\/\/www.ceybel.es\/academia\/aviso-legal\/","url":"https:\/\/www.ceybel.es\/academia\/aviso-legal\/","name":"Aviso Legal - Academia CEM","isPartOf":{"@id":"https:\/\/www.ceybel.es\/academia\/#website"},"datePublished":"2024-02-14T10:00:32+00:00","dateModified":"2024-06-07T09:29:01+00:00","breadcrumb":{"@id":"https:\/\/www.ceybel.es\/academia\/aviso-legal\/#breadcrumb"},"inLanguage":"es","potentialAction":[{"@type":"ReadAction","target":["https:\/\/www.ceybel.es\/academia\/aviso-legal\/"]}]},{"@type":"BreadcrumbList","@id":"https:\/\/www.ceybel.es\/academia\/aviso-legal\/#breadcrumb","itemListElement":[{"@type":"ListItem","position":1,"name":"Portada","item":"https:\/\/www.ceybel.es\/academia\/"},{"@type":"ListItem","position":2,"name":"Aviso Legal"}]},{"@type":"WebSite","@id":"https:\/\/www.ceybel.es\/academia\/#website","url":"https:\/\/www.ceybel.es\/academia\/","name":"Academia CEM","description":"Academia CEM","publisher":{"@id":"https:\/\/www.ceybel.es\/academia\/#organization"},"potentialAction":[{"@type":"SearchAction","target":{"@type":"EntryPoint","urlTemplate":"https:\/\/www.ceybel.es\/academia\/?s={search_term_string}"},"query-input":"required name=search_term_string"}],"inLanguage":"es"},{"@type":"Organization","@id":"https:\/\/www.ceybel.es\/academia\/#organization","name":"Academia CEM","url":"https:\/\/www.ceybel.es\/academia\/","logo":{"@type":"ImageObject","inLanguage":"es","@id":"https:\/\/www.ceybel.es\/academia\/#\/schema\/logo\/image\/","url":"https:\/\/www.ceybel.es\/academia\/wp-content\/uploads\/2024\/03\/logo-cem-100x291-1.png","contentUrl":"https:\/\/www.ceybel.es\/academia\/wp-content\/uploads\/2024\/03\/logo-cem-100x291-1.png","width":291,"height":100,"caption":"Academia CEM"},"image":{"@id":"https:\/\/www.ceybel.es\/academia\/#\/schema\/logo\/image\/"}}]}},"_links":{"self":[{"href":"https:\/\/www.ceybel.es\/academia\/wp-json\/wp\/v2\/pages\/8","targetHints":{"allow":["GET"]}}],"collection":[{"href":"https:\/\/www.ceybel.es\/academia\/wp-json\/wp\/v2\/pages"}],"about":[{"href":"https:\/\/www.ceybel.es\/academia\/wp-json\/wp\/v2\/types\/page"}],"author":[{"embeddable":true,"href":"https:\/\/www.ceybel.es\/academia\/wp-json\/wp\/v2\/users\/1"}],"replies":[{"embeddable":true,"href":"https:\/\/www.ceybel.es\/academia\/wp-json\/wp\/v2\/comments?post=8"}],"version-history":[{"count":5,"href":"https:\/\/www.ceybel.es\/academia\/wp-json\/wp\/v2\/pages\/8\/revisions"}],"predecessor-version":[{"id":540,"href":"https:\/\/www.ceybel.es\/academia\/wp-json\/wp\/v2\/pages\/8\/revisions\/540"}],"wp:attachment":[{"href":"https:\/\/www.ceybel.es\/academia\/wp-json\/wp\/v2\/media?parent=8"}],"curies":[{"name":"wp","href":"https:\/\/api.w.org\/{rel}","templated":true}]}}